{"id":158,"date":"2021-03-15T12:09:06","date_gmt":"2021-03-15T11:09:06","guid":{"rendered":"https:\/\/halliermathilde.alwaysdata.net\/wordpress\/?page_id=158"},"modified":"2021-03-15T13:54:06","modified_gmt":"2021-03-15T12:54:06","slug":"recettes","status":"publish","type":"page","link":"https:\/\/halliermathilde.alwaysdata.net\/wordpress\/recettes\/","title":{"rendered":"Recettes"},"content":{"rendered":"\n<h2>Choisissez votre th\u00e8me de recette&#8230;<\/h2>\n\n\n\n<p class=\"has-text-color\" style=\"color:#f8f3e9\"><\/p>\n\n\n\n<div class=\"wp-block-buttons\">\n<div class=\"wp-block-button\" id=\"les-reccettes-classique\"><a class=\"wp-block-button__link has-text-color has-background\" href=\"https:\/\/halliermathilde.alwaysdata.net\/wordpress\/index.php\/les-recettes\/\" style=\"border-radius:3px;background-color:#25d0ea;color:#774747\" rel=\"https:\/\/halliermathilde.alwaysdata.net\/wordpress\/index.php\/les-recettes\/\"><strong>Les recettes classiques<\/strong><\/a><\/div>\n\n\n\n<div class=\"wp-block-button is-style-fill\" id=\"les-recettes-express\"><a class=\"wp-block-button__link has-text-color has-background\" href=\"https:\/\/halliermathilde.alwaysdata.net\/wordpress\/index.php\/recette-express\/\" style=\"border-radius:3px;background-color:#25d0ea;color:#774747\"><strong>Les recettes express<\/strong><\/a><\/div>\n<\/div>\n\n\n\n<p><\/p>\n","protected":false},"excerpt":{"rendered":"<p>Choisissez votre th\u00e8me de recette&#8230;<\/p>\n","protected":false},"author":1,"featured_media":0,"parent":0,"menu_order":0,"comment_status":"closed","ping_status":"closed","template":"template-fullwidth.php","meta":[],"yoast_head":"<!-- This site is optimized with the Yoast SEO plugin v15.9.2 - https:\/\/yoast.com\/wordpress\/plugins\/seo\/ -->\n<title>Recettes - Caf\u00e9 r\u00e9f\u00e9rence<\/title>\n<link rel=\"canonical\" href=\"https:\/\/halliermathilde.alwaysdata.net\/wordpress\/recettes\/\" \/>\n<meta property=\"og:locale\" content=\"fr_FR\" \/>\n<meta property=\"og:type\" content=\"article\" \/>\n<meta property=\"og:title\" content=\"Recettes - Caf\u00e9 r\u00e9f\u00e9rence\" \/>\n<meta property=\"og:description\" content=\"Choisissez votre th\u00e8me de recette&#8230;\" \/>\n<meta property=\"og:url\" content=\"https:\/\/halliermathilde.alwaysdata.net\/wordpress\/recettes\/\" \/>\n<meta property=\"og:site_name\" content=\"Caf\u00e9 r\u00e9f\u00e9rence\" \/>\n<meta property=\"article:modified_time\" content=\"2021-03-15T12:54:06+00:00\" \/>\n<meta name=\"twitter:card\" content=\"summary_large_image\" \/>\n<script type=\"application\/ld+json\" class=\"yoast-schema-graph\">{\"@context\":\"https:\/\/schema.org\",\"@graph\":[{\"@type\":[\"Person\",\"Organization\"],\"@id\":\"https:\/\/halliermathilde.alwaysdata.net\/wordpress\/#\/schema\/person\/5da238886e8ebc9676a20a716051fa3b\",\"name\":\"mathilde\",\"image\":{\"@type\":\"ImageObject\",\"@id\":\"https:\/\/halliermathilde.alwaysdata.net\/wordpress\/#personlogo\",\"inLanguage\":\"fr-FR\",\"url\":\"https:\/\/secure.gravatar.com\/avatar\/07bad5f128af2912134112d909155a8e?s=96&d=mm&r=g\",\"caption\":\"mathilde\"},\"logo\":{\"@id\":\"https:\/\/halliermathilde.alwaysdata.net\/wordpress\/#personlogo\"},\"sameAs\":[\"http:\/\/halliermathilde.alwaysdata.net\/wordpress\"]},{\"@type\":\"WebSite\",\"@id\":\"https:\/\/halliermathilde.alwaysdata.net\/wordpress\/#website\",\"url\":\"https:\/\/halliermathilde.alwaysdata.net\/wordpress\/\",\"name\":\"Caf\\u00e9 r\\u00e9f\\u00e9rence\",\"description\":\"Tout savoir sur le caf\\u00e9 - les machines - les recettes\",\"publisher\":{\"@id\":\"https:\/\/halliermathilde.alwaysdata.net\/wordpress\/#\/schema\/person\/5da238886e8ebc9676a20a716051fa3b\"},\"potentialAction\":[{\"@type\":\"SearchAction\",\"target\":\"https:\/\/halliermathilde.alwaysdata.net\/wordpress\/?s={search_term_string}\",\"query-input\":\"required name=search_term_string\"}],\"inLanguage\":\"fr-FR\"},{\"@type\":\"WebPage\",\"@id\":\"https:\/\/halliermathilde.alwaysdata.net\/wordpress\/recettes\/#webpage\",\"url\":\"https:\/\/halliermathilde.alwaysdata.net\/wordpress\/recettes\/\",\"name\":\"Recettes - Caf\\u00e9 r\\u00e9f\\u00e9rence\",\"isPartOf\":{\"@id\":\"https:\/\/halliermathilde.alwaysdata.net\/wordpress\/#website\"},\"datePublished\":\"2021-03-15T11:09:06+00:00\",\"dateModified\":\"2021-03-15T12:54:06+00:00\",\"breadcrumb\":{\"@id\":\"https:\/\/halliermathilde.alwaysdata.net\/wordpress\/recettes\/#breadcrumb\"},\"inLanguage\":\"fr-FR\",\"potentialAction\":[{\"@type\":\"ReadAction\",\"target\":[\"https:\/\/halliermathilde.alwaysdata.net\/wordpress\/recettes\/\"]}]},{\"@type\":\"BreadcrumbList\",\"@id\":\"https:\/\/halliermathilde.alwaysdata.net\/wordpress\/recettes\/#breadcrumb\",\"itemListElement\":[{\"@type\":\"ListItem\",\"position\":1,\"item\":{\"@type\":\"WebPage\",\"@id\":\"https:\/\/halliermathilde.alwaysdata.net\/wordpress\/\",\"url\":\"https:\/\/halliermathilde.alwaysdata.net\/wordpress\/\",\"name\":\"Accueil\"}},{\"@type\":\"ListItem\",\"position\":2,\"item\":{\"@type\":\"WebPage\",\"@id\":\"https:\/\/halliermathilde.alwaysdata.net\/wordpress\/recettes\/\",\"url\":\"https:\/\/halliermathilde.alwaysdata.net\/wordpress\/recettes\/\",\"name\":\"Recettes\"}}]}]}<\/script>\n<!-- \/ Yoast SEO plugin. -->","_links":{"self":[{"href":"https:\/\/halliermathilde.alwaysdata.net\/wordpress\/wp-json\/wp\/v2\/pages\/158"}],"collection":[{"href":"https:\/\/halliermathilde.alwaysdata.net\/wordpress\/wp-json\/wp\/v2\/pages"}],"about":[{"href":"https:\/\/halliermathilde.alwaysdata.net\/wordpress\/wp-json\/wp\/v2\/types\/page"}],"author":[{"embeddable":true,"href":"https:\/\/halliermathilde.alwaysdata.net\/wordpress\/wp-json\/wp\/v2\/users\/1"}],"replies":[{"embeddable":true,"href":"https:\/\/halliermathilde.alwaysdata.net\/wordpress\/wp-json\/wp\/v2\/comments?post=158"}],"version-history":[{"count":10,"href":"https:\/\/halliermathilde.alwaysdata.net\/wordpress\/wp-json\/wp\/v2\/pages\/158\/revisions"}],"predecessor-version":[{"id":179,"href":"https:\/\/halliermathilde.alwaysdata.net\/wordpress\/wp-json\/wp\/v2\/pages\/158\/revisions\/179"}],"wp:attachment":[{"href":"https:\/\/halliermathilde.alwaysdata.net\/wordpress\/wp-json\/wp\/v2\/media?parent=158"}],"curies":[{"name":"wp","href":"https:\/\/api.w.org\/{rel}","templated":true}]}}