{"id":17,"date":"2021-03-14T21:14:29","date_gmt":"2021-03-14T20:14:29","guid":{"rendered":"https:\/\/halliermathilde.alwaysdata.net\/wordpress\/?page_id=17"},"modified":"2021-03-15T15:55:35","modified_gmt":"2021-03-15T14:55:35","slug":"les-cafes-en-grains-moulus-expresso","status":"publish","type":"page","link":"https:\/\/halliermathilde.alwaysdata.net\/wordpress\/les-cafes-en-grains-moulus-expresso\/","title":{"rendered":"Les caf\u00e9s"},"content":{"rendered":"\r\n<h2>Tout savoir sur le caf\u00e9 en grain<\/h2>\r\n\r\n\r\n\r\n<div class=\"wp-block-media-text alignwide is-stacked-on-mobile\" style=\"grid-template-columns:22% auto\"><figure class=\"wp-block-media-text__media\"><img loading=\"lazy\" width=\"1024\" height=\"732\" src=\"https:\/\/halliermathilde.alwaysdata.net\/wordpress\/wp-content\/uploads\/2021\/03\/coffee-5498486_1920-1-1024x732.jpg\" alt=\"\" class=\"wp-image-126 size-full\" srcset=\"https:\/\/halliermathilde.alwaysdata.net\/wordpress\/wp-content\/uploads\/2021\/03\/coffee-5498486_1920-1-1024x732.jpg 1024w, https:\/\/halliermathilde.alwaysdata.net\/wordpress\/wp-content\/uploads\/2021\/03\/coffee-5498486_1920-1-300x214.jpg 300w, https:\/\/halliermathilde.alwaysdata.net\/wordpress\/wp-content\/uploads\/2021\/03\/coffee-5498486_1920-1-768x549.jpg 768w, https:\/\/halliermathilde.alwaysdata.net\/wordpress\/wp-content\/uploads\/2021\/03\/coffee-5498486_1920-1-1536x1098.jpg 1536w, https:\/\/halliermathilde.alwaysdata.net\/wordpress\/wp-content\/uploads\/2021\/03\/coffee-5498486_1920-1.jpg 1920w\" sizes=\"(max-width: 1024px) 100vw, 1024px\" \/><\/figure><div class=\"wp-block-media-text__content\">\r\n<p class=\"has-normal-font-size\">Per divulsa per membrorum velut ultimam spatia et itidem deformitatem corpora conpage scalas conpage flumen constrinxerunt mortuorum constrinxerunt raptavere funibus conpage praecipitem acri iamque membrorum constrinxerunt ultimam corpora mox eodem.<\/p>\r\n<\/div><\/div>\r\n\r\n\r\n\r\n<h2>Le caf\u00e9 expresso pourquoi le choisir?<\/h2>\r\n\r\n\r\n\r\n<div class=\"wp-block-media-text alignwide is-stacked-on-mobile\" style=\"grid-template-columns:22% auto\"><figure class=\"wp-block-media-text__media\"><img loading=\"lazy\" width=\"1024\" height=\"681\" src=\"https:\/\/halliermathilde.alwaysdata.net\/wordpress\/wp-content\/uploads\/2021\/03\/coffee-206142_1920-2-1024x681.jpg\" alt=\"\" class=\"wp-image-129 size-full\" srcset=\"https:\/\/halliermathilde.alwaysdata.net\/wordpress\/wp-content\/uploads\/2021\/03\/coffee-206142_1920-2-1024x681.jpg 1024w, https:\/\/halliermathilde.alwaysdata.net\/wordpress\/wp-content\/uploads\/2021\/03\/coffee-206142_1920-2-300x199.jpg 300w, https:\/\/halliermathilde.alwaysdata.net\/wordpress\/wp-content\/uploads\/2021\/03\/coffee-206142_1920-2-768x510.jpg 768w, https:\/\/halliermathilde.alwaysdata.net\/wordpress\/wp-content\/uploads\/2021\/03\/coffee-206142_1920-2-1536x1021.jpg 1536w, https:\/\/halliermathilde.alwaysdata.net\/wordpress\/wp-content\/uploads\/2021\/03\/coffee-206142_1920-2.jpg 1920w\" sizes=\"(max-width: 1024px) 100vw, 1024px\" \/><\/figure><div class=\"wp-block-media-text__content\">\r\n<p class=\"has-normal-font-size\">Per divulsa per membrorum velut ultimam spatia et itidem deformitatem corpora conpage scalas conpage flumen constrinxerunt mortuorum constrinxerunt raptavere funibus conpage praecipitem acri iamque membrorum constrinxerunt ultimam corpora mox eodem.<\/p>\r\n<\/div><\/div>\r\n\r\n\r\n\r\n<h2>Le caf\u00e9 moulu, comment le choisir<\/h2>\r\n\r\n\r\n\r\n<div class=\"wp-block-media-text alignwide is-stacked-on-mobile\" style=\"grid-template-columns:22% auto\"><figure class=\"wp-block-media-text__media\"><img loading=\"lazy\" width=\"1024\" height=\"678\" src=\"https:\/\/halliermathilde.alwaysdata.net\/wordpress\/wp-content\/uploads\/2021\/03\/spoon-316577_1280-2-1024x678.jpg\" alt=\"\" class=\"wp-image-130 size-full\" srcset=\"https:\/\/halliermathilde.alwaysdata.net\/wordpress\/wp-content\/uploads\/2021\/03\/spoon-316577_1280-2-1024x678.jpg 1024w, https:\/\/halliermathilde.alwaysdata.net\/wordpress\/wp-content\/uploads\/2021\/03\/spoon-316577_1280-2-300x199.jpg 300w, https:\/\/halliermathilde.alwaysdata.net\/wordpress\/wp-content\/uploads\/2021\/03\/spoon-316577_1280-2-768x508.jpg 768w, https:\/\/halliermathilde.alwaysdata.net\/wordpress\/wp-content\/uploads\/2021\/03\/spoon-316577_1280-2.jpg 1280w\" sizes=\"(max-width: 1024px) 100vw, 1024px\" \/><\/figure><div class=\"wp-block-media-text__content\">\r\n<p class=\"has-normal-font-size\">Per divulsa per membrorum velut ultimam spatia et itidem deformitatem corpora conpage scalas conpage flumen constrinxerunt mortuorum constrinxerunt raptavere funibus conpage praecipitem acri iamque membrorum constrinxerunt ultimam corpora mox eodem.<\/p>\r\n<\/div><\/div>\r\n","protected":false},"excerpt":{"rendered":"<p>Tout savoir sur le caf\u00e9 en grain Per divulsa per membrorum velut ultimam spatia et itidem deformitatem corpora conpage scalas conpage flumen constrinxerunt mortuorum constrinxerunt raptavere funibus conpage praecipitem acri &#8230;<\/p>\n","protected":false},"author":1,"featured_media":0,"parent":0,"menu_order":0,"comment_status":"closed","ping_status":"closed","template":"template-fullwidth.php","meta":[],"yoast_head":"<!-- This site is optimized with the Yoast SEO plugin v15.9.2 - https:\/\/yoast.com\/wordpress\/plugins\/seo\/ -->\n<title>Les caf\u00e9s - Caf\u00e9 r\u00e9f\u00e9rence<\/title>\n<meta name=\"description\" content=\"Nous vous expliquons comment et pourquoi choisir le caf\u00e9 en grain, moulu, ou expresso. Nous les avons compar\u00e9s pour vous.\" \/>\n<link rel=\"canonical\" href=\"https:\/\/halliermathilde.alwaysdata.net\/wordpress\/les-cafes-en-grains-moulus-expresso\/\" \/>\n<meta property=\"og:locale\" content=\"fr_FR\" \/>\n<meta property=\"og:type\" content=\"article\" \/>\n<meta property=\"og:title\" content=\"Les caf\u00e9s - Caf\u00e9 r\u00e9f\u00e9rence\" \/>\n<meta property=\"og:description\" content=\"Nous vous expliquons comment et pourquoi choisir le caf\u00e9 en grain, moulu, ou expresso. Nous les avons compar\u00e9s pour vous.\" \/>\n<meta property=\"og:url\" content=\"https:\/\/halliermathilde.alwaysdata.net\/wordpress\/les-cafes-en-grains-moulus-expresso\/\" \/>\n<meta property=\"og:site_name\" content=\"Caf\u00e9 r\u00e9f\u00e9rence\" \/>\n<meta property=\"article:modified_time\" content=\"2021-03-15T14:55:35+00:00\" \/>\n<meta property=\"og:image\" content=\"https:\/\/halliermathilde.alwaysdata.net\/wordpress\/wp-content\/uploads\/2021\/03\/coffee-5498486_1920-1-1024x732.jpg\" \/>\n<meta name=\"twitter:card\" content=\"summary_large_image\" \/>\n<meta name=\"twitter:label1\" content=\"Dur\u00e9e de lecture est.\">\n\t<meta name=\"twitter:data1\" content=\"2 minutes\">\n<script type=\"application\/ld+json\" class=\"yoast-schema-graph\">{\"@context\":\"https:\/\/schema.org\",\"@graph\":[{\"@type\":[\"Person\",\"Organization\"],\"@id\":\"https:\/\/halliermathilde.alwaysdata.net\/wordpress\/#\/schema\/person\/5da238886e8ebc9676a20a716051fa3b\",\"name\":\"mathilde\",\"image\":{\"@type\":\"ImageObject\",\"@id\":\"https:\/\/halliermathilde.alwaysdata.net\/wordpress\/#personlogo\",\"inLanguage\":\"fr-FR\",\"url\":\"https:\/\/secure.gravatar.com\/avatar\/07bad5f128af2912134112d909155a8e?s=96&d=mm&r=g\",\"caption\":\"mathilde\"},\"logo\":{\"@id\":\"https:\/\/halliermathilde.alwaysdata.net\/wordpress\/#personlogo\"},\"sameAs\":[\"http:\/\/halliermathilde.alwaysdata.net\/wordpress\"]},{\"@type\":\"WebSite\",\"@id\":\"https:\/\/halliermathilde.alwaysdata.net\/wordpress\/#website\",\"url\":\"https:\/\/halliermathilde.alwaysdata.net\/wordpress\/\",\"name\":\"Caf\\u00e9 r\\u00e9f\\u00e9rence\",\"description\":\"Tout savoir sur le caf\\u00e9 - les machines - les recettes\",\"publisher\":{\"@id\":\"https:\/\/halliermathilde.alwaysdata.net\/wordpress\/#\/schema\/person\/5da238886e8ebc9676a20a716051fa3b\"},\"potentialAction\":[{\"@type\":\"SearchAction\",\"target\":\"https:\/\/halliermathilde.alwaysdata.net\/wordpress\/?s={search_term_string}\",\"query-input\":\"required name=search_term_string\"}],\"inLanguage\":\"fr-FR\"},{\"@type\":\"ImageObject\",\"@id\":\"https:\/\/halliermathilde.alwaysdata.net\/wordpress\/les-cafes-en-grains-moulus-expresso\/#primaryimage\",\"inLanguage\":\"fr-FR\",\"url\":\"https:\/\/halliermathilde.alwaysdata.net\/wordpress\/wp-content\/uploads\/2021\/03\/coffee-5498486_1920-1-1024x732.jpg\"},{\"@type\":\"WebPage\",\"@id\":\"https:\/\/halliermathilde.alwaysdata.net\/wordpress\/les-cafes-en-grains-moulus-expresso\/#webpage\",\"url\":\"https:\/\/halliermathilde.alwaysdata.net\/wordpress\/les-cafes-en-grains-moulus-expresso\/\",\"name\":\"Les caf\\u00e9s - Caf\\u00e9 r\\u00e9f\\u00e9rence\",\"isPartOf\":{\"@id\":\"https:\/\/halliermathilde.alwaysdata.net\/wordpress\/#website\"},\"primaryImageOfPage\":{\"@id\":\"https:\/\/halliermathilde.alwaysdata.net\/wordpress\/les-cafes-en-grains-moulus-expresso\/#primaryimage\"},\"datePublished\":\"2021-03-14T20:14:29+00:00\",\"dateModified\":\"2021-03-15T14:55:35+00:00\",\"description\":\"Nous vous expliquons comment et pourquoi choisir le caf\\u00e9 en grain, moulu, ou expresso. Nous les avons compar\\u00e9s pour vous.\",\"breadcrumb\":{\"@id\":\"https:\/\/halliermathilde.alwaysdata.net\/wordpress\/les-cafes-en-grains-moulus-expresso\/#breadcrumb\"},\"inLanguage\":\"fr-FR\",\"potentialAction\":[{\"@type\":\"ReadAction\",\"target\":[\"https:\/\/halliermathilde.alwaysdata.net\/wordpress\/les-cafes-en-grains-moulus-expresso\/\"]}]},{\"@type\":\"BreadcrumbList\",\"@id\":\"https:\/\/halliermathilde.alwaysdata.net\/wordpress\/les-cafes-en-grains-moulus-expresso\/#breadcrumb\",\"itemListElement\":[{\"@type\":\"ListItem\",\"position\":1,\"item\":{\"@type\":\"WebPage\",\"@id\":\"https:\/\/halliermathilde.alwaysdata.net\/wordpress\/\",\"url\":\"https:\/\/halliermathilde.alwaysdata.net\/wordpress\/\",\"name\":\"Accueil\"}},{\"@type\":\"ListItem\",\"position\":2,\"item\":{\"@type\":\"WebPage\",\"@id\":\"https:\/\/halliermathilde.alwaysdata.net\/wordpress\/les-cafes-en-grains-moulus-expresso\/\",\"url\":\"https:\/\/halliermathilde.alwaysdata.net\/wordpress\/les-cafes-en-grains-moulus-expresso\/\",\"name\":\"Les caf\\u00e9s\"}}]}]}<\/script>\n<!-- \/ Yoast SEO plugin. -->","_links":{"self":[{"href":"https:\/\/halliermathilde.alwaysdata.net\/wordpress\/wp-json\/wp\/v2\/pages\/17"}],"collection":[{"href":"https:\/\/halliermathilde.alwaysdata.net\/wordpress\/wp-json\/wp\/v2\/pages"}],"about":[{"href":"https:\/\/halliermathilde.alwaysdata.net\/wordpress\/wp-json\/wp\/v2\/types\/page"}],"author":[{"embeddable":true,"href":"https:\/\/halliermathilde.alwaysdata.net\/wordpress\/wp-json\/wp\/v2\/users\/1"}],"replies":[{"embeddable":true,"href":"https:\/\/halliermathilde.alwaysdata.net\/wordpress\/wp-json\/wp\/v2\/comments?post=17"}],"version-history":[{"count":4,"href":"https:\/\/halliermathilde.alwaysdata.net\/wordpress\/wp-json\/wp\/v2\/pages\/17\/revisions"}],"predecessor-version":[{"id":131,"href":"https:\/\/halliermathilde.alwaysdata.net\/wordpress\/wp-json\/wp\/v2\/pages\/17\/revisions\/131"}],"wp:attachment":[{"href":"https:\/\/halliermathilde.alwaysdata.net\/wordpress\/wp-json\/wp\/v2\/media?parent=17"}],"curies":[{"name":"wp","href":"https:\/\/api.w.org\/{rel}","templated":true}]}}