{"id":183,"date":"2021-03-15T14:21:15","date_gmt":"2021-03-15T13:21:15","guid":{"rendered":"https:\/\/halliermathilde.alwaysdata.net\/wordpress\/?page_id=183"},"modified":"2021-03-15T14:23:58","modified_gmt":"2021-03-15T13:23:58","slug":"nos-services","status":"publish","type":"page","link":"https:\/\/halliermathilde.alwaysdata.net\/wordpress\/nos-services\/","title":{"rendered":"Nos services"},"content":{"rendered":"\n<h2 class=\"has-text-align-center\">Nos services<\/h2>\n\n\n\n<h3 class=\"has-text-align-center\">Et quoniam apud eos ut in capite mundi morborum acerbitates celsius dominantur, ad <\/h3>\n\n\n\n<div class=\"wp-block-group alignwide\"><div class=\"wp-block-group__inner-container\">\n<div class=\"wp-block-columns alignwide\">\n<div class=\"wp-block-column\">\n<h3 class=\"has-text-align-center\">Les caf\u00e9s<\/h3>\n\n\n\n<div class=\"wp-block-image\"><figure class=\"aligncenter size-large is-resized\"><img loading=\"lazy\" src=\"https:\/\/halliermathilde.alwaysdata.net\/wordpress\/wp-content\/uploads\/2021\/03\/tasse-a-cafe-grains-3.png\" alt=\"\" class=\"wp-image-184\" width=\"-27\" height=\"-27\"\/><\/figure><\/div>\n\n\n\n<p class=\"has-text-align-center\">Et quoniam apud eos ut in capite mundi morborum acerbitates celsius dominantur, ad quos vel sedandos omnis professio medendi torpescit, excogitatum est adminiculum sospitale nequi <\/p>\n\n\n\n<div class=\"wp-block-buttons alignfull is-content-justification-center\">\n<div class=\"wp-block-button is-style-fill\"><a class=\"wp-block-button__link has-text-color has-background\" href=\"https:\/\/halliermathilde.alwaysdata.net\/wordpress\/index.php\/les-cafes\/\" style=\"border-radius:3px;background-color:#25d0ea;color:#774747\"><strong>en savoir plus<\/strong><\/a><\/div>\n<\/div>\n<\/div>\n\n\n\n<div class=\"wp-block-column\">\n<h3 class=\"has-text-align-center\">Les machines<\/h3>\n\n\n\n<div class=\"wp-block-image\"><figure class=\"aligncenter size-large\"><img loading=\"lazy\" width=\"150\" height=\"150\" src=\"https:\/\/halliermathilde.alwaysdata.net\/wordpress\/wp-content\/uploads\/2021\/03\/tasse-a-cafe-fond-bleu-1.png\" alt=\"\" class=\"wp-image-185\"\/><\/figure><\/div>\n\n\n\n<p class=\"has-text-align-center\">Et quoniam apud eos ut in capite mundi morborum acerbitates celsius dominantur, ad quos vel sedandos omnis professio medendi torpescit, excogitatum est adminiculum sospitale nequi<\/p>\n\n\n\n<div class=\"wp-block-buttons is-content-justification-center\">\n<div class=\"wp-block-button is-style-fill\"><a class=\"wp-block-button__link has-text-color has-background\" href=\"https:\/\/halliermathilde.alwaysdata.net\/wordpress\/index.php\/les-machines\/\" style=\"border-radius:3px;background-color:#25d0ea;color:#774747\"><strong>en savoir plus<\/strong><\/a><\/div>\n<\/div>\n<\/div>\n\n\n\n<div class=\"wp-block-column\">\n<h3 class=\"has-text-align-center\">Les marques<\/h3>\n\n\n\n<div class=\"wp-block-image\"><figure class=\"aligncenter size-large\"><img loading=\"lazy\" width=\"150\" height=\"149\" src=\"https:\/\/halliermathilde.alwaysdata.net\/wordpress\/wp-content\/uploads\/2021\/03\/tasse-a-cafe-2-1.png\" alt=\"\" class=\"wp-image-186\"\/><\/figure><\/div>\n\n\n\n<p>Et quoniam apud eos ut in capite mundi morborum acerbitates celsius dominantur, ad quos vel sedandos omnis professio medendi torpescit, excogitatum est adminiculum sospitale nequi<\/p>\n\n\n\n<div class=\"wp-block-buttons alignfull is-content-justification-center\">\n<div class=\"wp-block-button\"><a class=\"wp-block-button__link has-text-color has-background\" style=\"border-radius:3px;background-color:#25d0ea;color:#774747\"><strong>en savoir plus<\/strong><\/a><\/div>\n<\/div>\n\n\n\n<p><\/p>\n<\/div>\n<\/div>\n<\/div><\/div>\n\n\n\n<p><\/p>\n","protected":false},"excerpt":{"rendered":"<p>Nos services Et quoniam apud eos ut in capite mundi morborum acerbitates celsius dominantur, ad<\/p>\n","protected":false},"author":1,"featured_media":0,"parent":0,"menu_order":0,"comment_status":"closed","ping_status":"closed","template":"","meta":[],"yoast_head":"<!-- This site is optimized with the Yoast SEO plugin v15.9.2 - https:\/\/yoast.com\/wordpress\/plugins\/seo\/ -->\n<title>Nos services - Caf\u00e9 r\u00e9f\u00e9rence<\/title>\n<link rel=\"canonical\" href=\"https:\/\/halliermathilde.alwaysdata.net\/wordpress\/nos-services\/\" \/>\n<meta property=\"og:locale\" content=\"fr_FR\" \/>\n<meta property=\"og:type\" content=\"article\" \/>\n<meta property=\"og:title\" content=\"Nos services - Caf\u00e9 r\u00e9f\u00e9rence\" \/>\n<meta property=\"og:description\" content=\"Nos services Et quoniam apud eos ut in capite mundi morborum acerbitates celsius dominantur, ad\" \/>\n<meta property=\"og:url\" content=\"https:\/\/halliermathilde.alwaysdata.net\/wordpress\/nos-services\/\" \/>\n<meta property=\"og:site_name\" content=\"Caf\u00e9 r\u00e9f\u00e9rence\" \/>\n<meta property=\"article:modified_time\" content=\"2021-03-15T13:23:58+00:00\" \/>\n<meta property=\"og:image\" content=\"https:\/\/halliermathilde.alwaysdata.net\/wordpress\/wp-content\/uploads\/2021\/03\/tasse-a-cafe-grains-3.png\" \/>\n<meta name=\"twitter:card\" content=\"summary_large_image\" \/>\n<meta name=\"twitter:label1\" content=\"Dur\u00e9e de lecture est.\">\n\t<meta name=\"twitter:data1\" content=\"1 minute\">\n<script type=\"application\/ld+json\" class=\"yoast-schema-graph\">{\"@context\":\"https:\/\/schema.org\",\"@graph\":[{\"@type\":[\"Person\",\"Organization\"],\"@id\":\"https:\/\/halliermathilde.alwaysdata.net\/wordpress\/#\/schema\/person\/5da238886e8ebc9676a20a716051fa3b\",\"name\":\"mathilde\",\"image\":{\"@type\":\"ImageObject\",\"@id\":\"https:\/\/halliermathilde.alwaysdata.net\/wordpress\/#personlogo\",\"inLanguage\":\"fr-FR\",\"url\":\"https:\/\/secure.gravatar.com\/avatar\/07bad5f128af2912134112d909155a8e?s=96&d=mm&r=g\",\"caption\":\"mathilde\"},\"logo\":{\"@id\":\"https:\/\/halliermathilde.alwaysdata.net\/wordpress\/#personlogo\"},\"sameAs\":[\"http:\/\/halliermathilde.alwaysdata.net\/wordpress\"]},{\"@type\":\"WebSite\",\"@id\":\"https:\/\/halliermathilde.alwaysdata.net\/wordpress\/#website\",\"url\":\"https:\/\/halliermathilde.alwaysdata.net\/wordpress\/\",\"name\":\"Caf\\u00e9 r\\u00e9f\\u00e9rence\",\"description\":\"Tout savoir sur le caf\\u00e9 - les machines - les recettes\",\"publisher\":{\"@id\":\"https:\/\/halliermathilde.alwaysdata.net\/wordpress\/#\/schema\/person\/5da238886e8ebc9676a20a716051fa3b\"},\"potentialAction\":[{\"@type\":\"SearchAction\",\"target\":\"https:\/\/halliermathilde.alwaysdata.net\/wordpress\/?s={search_term_string}\",\"query-input\":\"required name=search_term_string\"}],\"inLanguage\":\"fr-FR\"},{\"@type\":\"ImageObject\",\"@id\":\"https:\/\/halliermathilde.alwaysdata.net\/wordpress\/nos-services\/#primaryimage\",\"inLanguage\":\"fr-FR\",\"url\":\"https:\/\/halliermathilde.alwaysdata.net\/wordpress\/wp-content\/uploads\/2021\/03\/tasse-a-cafe-grains-3.png\"},{\"@type\":\"WebPage\",\"@id\":\"https:\/\/halliermathilde.alwaysdata.net\/wordpress\/nos-services\/#webpage\",\"url\":\"https:\/\/halliermathilde.alwaysdata.net\/wordpress\/nos-services\/\",\"name\":\"Nos services - Caf\\u00e9 r\\u00e9f\\u00e9rence\",\"isPartOf\":{\"@id\":\"https:\/\/halliermathilde.alwaysdata.net\/wordpress\/#website\"},\"primaryImageOfPage\":{\"@id\":\"https:\/\/halliermathilde.alwaysdata.net\/wordpress\/nos-services\/#primaryimage\"},\"datePublished\":\"2021-03-15T13:21:15+00:00\",\"dateModified\":\"2021-03-15T13:23:58+00:00\",\"breadcrumb\":{\"@id\":\"https:\/\/halliermathilde.alwaysdata.net\/wordpress\/nos-services\/#breadcrumb\"},\"inLanguage\":\"fr-FR\",\"potentialAction\":[{\"@type\":\"ReadAction\",\"target\":[\"https:\/\/halliermathilde.alwaysdata.net\/wordpress\/nos-services\/\"]}]},{\"@type\":\"BreadcrumbList\",\"@id\":\"https:\/\/halliermathilde.alwaysdata.net\/wordpress\/nos-services\/#breadcrumb\",\"itemListElement\":[{\"@type\":\"ListItem\",\"position\":1,\"item\":{\"@type\":\"WebPage\",\"@id\":\"https:\/\/halliermathilde.alwaysdata.net\/wordpress\/\",\"url\":\"https:\/\/halliermathilde.alwaysdata.net\/wordpress\/\",\"name\":\"Accueil\"}},{\"@type\":\"ListItem\",\"position\":2,\"item\":{\"@type\":\"WebPage\",\"@id\":\"https:\/\/halliermathilde.alwaysdata.net\/wordpress\/nos-services\/\",\"url\":\"https:\/\/halliermathilde.alwaysdata.net\/wordpress\/nos-services\/\",\"name\":\"Nos services\"}}]}]}<\/script>\n<!-- \/ Yoast SEO plugin. -->","_links":{"self":[{"href":"https:\/\/halliermathilde.alwaysdata.net\/wordpress\/wp-json\/wp\/v2\/pages\/183"}],"collection":[{"href":"https:\/\/halliermathilde.alwaysdata.net\/wordpress\/wp-json\/wp\/v2\/pages"}],"about":[{"href":"https:\/\/halliermathilde.alwaysdata.net\/wordpress\/wp-json\/wp\/v2\/types\/page"}],"author":[{"embeddable":true,"href":"https:\/\/halliermathilde.alwaysdata.net\/wordpress\/wp-json\/wp\/v2\/users\/1"}],"replies":[{"embeddable":true,"href":"https:\/\/halliermathilde.alwaysdata.net\/wordpress\/wp-json\/wp\/v2\/comments?post=183"}],"version-history":[{"count":4,"href":"https:\/\/halliermathilde.alwaysdata.net\/wordpress\/wp-json\/wp\/v2\/pages\/183\/revisions"}],"predecessor-version":[{"id":191,"href":"https:\/\/halliermathilde.alwaysdata.net\/wordpress\/wp-json\/wp\/v2\/pages\/183\/revisions\/191"}],"wp:attachment":[{"href":"https:\/\/halliermathilde.alwaysdata.net\/wordpress\/wp-json\/wp\/v2\/media?parent=183"}],"curies":[{"name":"wp","href":"https:\/\/api.w.org\/{rel}","templated":true}]}}