{"id":75,"date":"2021-03-15T09:55:25","date_gmt":"2021-03-15T08:55:25","guid":{"rendered":"https:\/\/halliermathilde.alwaysdata.net\/wordpress\/?page_id=75"},"modified":"2021-03-15T12:06:29","modified_gmt":"2021-03-15T11:06:29","slug":"les-recettes-autour-du-cafe","status":"publish","type":"page","link":"https:\/\/halliermathilde.alwaysdata.net\/wordpress\/les-recettes-autour-du-cafe\/","title":{"rendered":"Galerie de photos"},"content":{"rendered":"\n<figure class=\"wp-block-gallery columns-2 is-cropped\"><ul class=\"blocks-gallery-grid\"><li class=\"blocks-gallery-item\"><figure><img loading=\"lazy\" width=\"300\" height=\"225\" src=\"https:\/\/halliermathilde.alwaysdata.net\/wordpress\/wp-content\/uploads\/2021\/03\/cookies-5144159_1920-300x225.jpg\" alt=\"\" data-id=\"81\" data-full-url=\"https:\/\/halliermathilde.alwaysdata.net\/wordpress\/wp-content\/uploads\/2021\/03\/cookies-5144159_1920.jpg\" data-link=\"https:\/\/halliermathilde.alwaysdata.net\/wordpress\/index.php\/les-recettes-autour-du-cafe\/cookies-5144159_1920\/\" class=\"wp-image-81\" srcset=\"https:\/\/halliermathilde.alwaysdata.net\/wordpress\/wp-content\/uploads\/2021\/03\/cookies-5144159_1920-300x225.jpg 300w, https:\/\/halliermathilde.alwaysdata.net\/wordpress\/wp-content\/uploads\/2021\/03\/cookies-5144159_1920-1024x768.jpg 1024w, https:\/\/halliermathilde.alwaysdata.net\/wordpress\/wp-content\/uploads\/2021\/03\/cookies-5144159_1920-768x576.jpg 768w, https:\/\/halliermathilde.alwaysdata.net\/wordpress\/wp-content\/uploads\/2021\/03\/cookies-5144159_1920-1536x1152.jpg 1536w, https:\/\/halliermathilde.alwaysdata.net\/wordpress\/wp-content\/uploads\/2021\/03\/cookies-5144159_1920.jpg 1920w\" sizes=\"(max-width: 300px) 100vw, 300px\" \/><\/figure><\/li><li class=\"blocks-gallery-item\"><figure><img loading=\"lazy\" width=\"300\" height=\"167\" src=\"https:\/\/halliermathilde.alwaysdata.net\/wordpress\/wp-content\/uploads\/2021\/03\/dessert-3330261_1920-300x167.png\" alt=\"\" data-id=\"82\" data-full-url=\"https:\/\/halliermathilde.alwaysdata.net\/wordpress\/wp-content\/uploads\/2021\/03\/dessert-3330261_1920.png\" data-link=\"https:\/\/halliermathilde.alwaysdata.net\/wordpress\/index.php\/les-recettes-autour-du-cafe\/dessert-3330261_1920\/\" class=\"wp-image-82\" srcset=\"https:\/\/halliermathilde.alwaysdata.net\/wordpress\/wp-content\/uploads\/2021\/03\/dessert-3330261_1920-300x167.png 300w, https:\/\/halliermathilde.alwaysdata.net\/wordpress\/wp-content\/uploads\/2021\/03\/dessert-3330261_1920-1024x570.png 1024w, https:\/\/halliermathilde.alwaysdata.net\/wordpress\/wp-content\/uploads\/2021\/03\/dessert-3330261_1920-768x427.png 768w, https:\/\/halliermathilde.alwaysdata.net\/wordpress\/wp-content\/uploads\/2021\/03\/dessert-3330261_1920-1536x854.png 1536w, https:\/\/halliermathilde.alwaysdata.net\/wordpress\/wp-content\/uploads\/2021\/03\/dessert-3330261_1920.png 1920w\" sizes=\"(max-width: 300px) 100vw, 300px\" \/><\/figure><\/li><li class=\"blocks-gallery-item\"><figure><img loading=\"lazy\" width=\"300\" height=\"200\" src=\"https:\/\/halliermathilde.alwaysdata.net\/wordpress\/wp-content\/uploads\/2021\/03\/dessert-3331009_1920-300x200.jpg\" alt=\"\" data-id=\"83\" data-full-url=\"https:\/\/halliermathilde.alwaysdata.net\/wordpress\/wp-content\/uploads\/2021\/03\/dessert-3331009_1920.jpg\" data-link=\"https:\/\/halliermathilde.alwaysdata.net\/wordpress\/index.php\/les-recettes-autour-du-cafe\/dessert-3331009_1920\/\" class=\"wp-image-83\" srcset=\"https:\/\/halliermathilde.alwaysdata.net\/wordpress\/wp-content\/uploads\/2021\/03\/dessert-3331009_1920-300x200.jpg 300w, https:\/\/halliermathilde.alwaysdata.net\/wordpress\/wp-content\/uploads\/2021\/03\/dessert-3331009_1920-1024x683.jpg 1024w, https:\/\/halliermathilde.alwaysdata.net\/wordpress\/wp-content\/uploads\/2021\/03\/dessert-3331009_1920-768x512.jpg 768w, https:\/\/halliermathilde.alwaysdata.net\/wordpress\/wp-content\/uploads\/2021\/03\/dessert-3331009_1920-1536x1024.jpg 1536w, https:\/\/halliermathilde.alwaysdata.net\/wordpress\/wp-content\/uploads\/2021\/03\/dessert-3331009_1920.jpg 1920w\" sizes=\"(max-width: 300px) 100vw, 300px\" \/><\/figure><\/li><li class=\"blocks-gallery-item\"><figure><img loading=\"lazy\" width=\"300\" height=\"200\" src=\"https:\/\/halliermathilde.alwaysdata.net\/wordpress\/wp-content\/uploads\/2021\/03\/dessert-3331910_1920-300x200.jpg\" alt=\"\" data-id=\"84\" data-full-url=\"https:\/\/halliermathilde.alwaysdata.net\/wordpress\/wp-content\/uploads\/2021\/03\/dessert-3331910_1920.jpg\" data-link=\"https:\/\/halliermathilde.alwaysdata.net\/wordpress\/index.php\/les-recettes-autour-du-cafe\/dessert-3331910_1920\/\" class=\"wp-image-84\" srcset=\"https:\/\/halliermathilde.alwaysdata.net\/wordpress\/wp-content\/uploads\/2021\/03\/dessert-3331910_1920-300x200.jpg 300w, https:\/\/halliermathilde.alwaysdata.net\/wordpress\/wp-content\/uploads\/2021\/03\/dessert-3331910_1920-1024x682.jpg 1024w, https:\/\/halliermathilde.alwaysdata.net\/wordpress\/wp-content\/uploads\/2021\/03\/dessert-3331910_1920-768x512.jpg 768w, https:\/\/halliermathilde.alwaysdata.net\/wordpress\/wp-content\/uploads\/2021\/03\/dessert-3331910_1920-1536x1023.jpg 1536w, https:\/\/halliermathilde.alwaysdata.net\/wordpress\/wp-content\/uploads\/2021\/03\/dessert-3331910_1920.jpg 1920w\" sizes=\"(max-width: 300px) 100vw, 300px\" \/><\/figure><\/li><li class=\"blocks-gallery-item\"><figure><img loading=\"lazy\" width=\"1024\" height=\"683\" src=\"https:\/\/halliermathilde.alwaysdata.net\/wordpress\/wp-content\/uploads\/2021\/03\/food-3338311_1920-1024x683.jpg\" alt=\"\" data-id=\"85\" data-full-url=\"https:\/\/halliermathilde.alwaysdata.net\/wordpress\/wp-content\/uploads\/2021\/03\/food-3338311_1920.jpg\" data-link=\"https:\/\/halliermathilde.alwaysdata.net\/wordpress\/index.php\/les-recettes-autour-du-cafe\/food-3338311_1920\/\" class=\"wp-image-85\" srcset=\"https:\/\/halliermathilde.alwaysdata.net\/wordpress\/wp-content\/uploads\/2021\/03\/food-3338311_1920-1024x683.jpg 1024w, https:\/\/halliermathilde.alwaysdata.net\/wordpress\/wp-content\/uploads\/2021\/03\/food-3338311_1920-300x200.jpg 300w, https:\/\/halliermathilde.alwaysdata.net\/wordpress\/wp-content\/uploads\/2021\/03\/food-3338311_1920-768x512.jpg 768w, https:\/\/halliermathilde.alwaysdata.net\/wordpress\/wp-content\/uploads\/2021\/03\/food-3338311_1920-1536x1024.jpg 1536w, https:\/\/halliermathilde.alwaysdata.net\/wordpress\/wp-content\/uploads\/2021\/03\/food-3338311_1920.jpg 1920w\" sizes=\"(max-width: 1024px) 100vw, 1024px\" \/><\/figure><\/li><\/ul><\/figure>\n","protected":false},"excerpt":{"rendered":"","protected":false},"author":1,"featured_media":0,"parent":0,"menu_order":0,"comment_status":"closed","ping_status":"closed","template":"","meta":[],"yoast_head":"<!-- This site is optimized with the Yoast SEO plugin v15.9.2 - https:\/\/yoast.com\/wordpress\/plugins\/seo\/ -->\n<title>Galerie de photos - Caf\u00e9 r\u00e9f\u00e9rence<\/title>\n<link rel=\"canonical\" href=\"https:\/\/halliermathilde.alwaysdata.net\/wordpress\/les-recettes-autour-du-cafe\/\" \/>\n<meta property=\"og:locale\" content=\"fr_FR\" \/>\n<meta property=\"og:type\" content=\"article\" \/>\n<meta property=\"og:title\" content=\"Galerie de photos - Caf\u00e9 r\u00e9f\u00e9rence\" \/>\n<meta property=\"og:url\" content=\"https:\/\/halliermathilde.alwaysdata.net\/wordpress\/les-recettes-autour-du-cafe\/\" \/>\n<meta property=\"og:site_name\" content=\"Caf\u00e9 r\u00e9f\u00e9rence\" \/>\n<meta property=\"article:modified_time\" content=\"2021-03-15T11:06:29+00:00\" \/>\n<meta property=\"og:image\" content=\"https:\/\/halliermathilde.alwaysdata.net\/wordpress\/wp-content\/uploads\/2021\/03\/cookies-5144159_1920-300x225.jpg\" \/>\n<meta name=\"twitter:card\" content=\"summary_large_image\" \/>\n<script type=\"application\/ld+json\" class=\"yoast-schema-graph\">{\"@context\":\"https:\/\/schema.org\",\"@graph\":[{\"@type\":[\"Person\",\"Organization\"],\"@id\":\"https:\/\/halliermathilde.alwaysdata.net\/wordpress\/#\/schema\/person\/5da238886e8ebc9676a20a716051fa3b\",\"name\":\"mathilde\",\"image\":{\"@type\":\"ImageObject\",\"@id\":\"https:\/\/halliermathilde.alwaysdata.net\/wordpress\/#personlogo\",\"inLanguage\":\"fr-FR\",\"url\":\"https:\/\/secure.gravatar.com\/avatar\/07bad5f128af2912134112d909155a8e?s=96&d=mm&r=g\",\"caption\":\"mathilde\"},\"logo\":{\"@id\":\"https:\/\/halliermathilde.alwaysdata.net\/wordpress\/#personlogo\"},\"sameAs\":[\"http:\/\/halliermathilde.alwaysdata.net\/wordpress\"]},{\"@type\":\"WebSite\",\"@id\":\"https:\/\/halliermathilde.alwaysdata.net\/wordpress\/#website\",\"url\":\"https:\/\/halliermathilde.alwaysdata.net\/wordpress\/\",\"name\":\"Caf\\u00e9 r\\u00e9f\\u00e9rence\",\"description\":\"Tout savoir sur le caf\\u00e9 - les machines - les recettes\",\"publisher\":{\"@id\":\"https:\/\/halliermathilde.alwaysdata.net\/wordpress\/#\/schema\/person\/5da238886e8ebc9676a20a716051fa3b\"},\"potentialAction\":[{\"@type\":\"SearchAction\",\"target\":\"https:\/\/halliermathilde.alwaysdata.net\/wordpress\/?s={search_term_string}\",\"query-input\":\"required name=search_term_string\"}],\"inLanguage\":\"fr-FR\"},{\"@type\":\"ImageObject\",\"@id\":\"https:\/\/halliermathilde.alwaysdata.net\/wordpress\/les-recettes-autour-du-cafe\/#primaryimage\",\"inLanguage\":\"fr-FR\",\"url\":\"https:\/\/halliermathilde.alwaysdata.net\/wordpress\/wp-content\/uploads\/2021\/03\/cookies-5144159_1920-300x225.jpg\"},{\"@type\":\"WebPage\",\"@id\":\"https:\/\/halliermathilde.alwaysdata.net\/wordpress\/les-recettes-autour-du-cafe\/#webpage\",\"url\":\"https:\/\/halliermathilde.alwaysdata.net\/wordpress\/les-recettes-autour-du-cafe\/\",\"name\":\"Galerie de photos - Caf\\u00e9 r\\u00e9f\\u00e9rence\",\"isPartOf\":{\"@id\":\"https:\/\/halliermathilde.alwaysdata.net\/wordpress\/#website\"},\"primaryImageOfPage\":{\"@id\":\"https:\/\/halliermathilde.alwaysdata.net\/wordpress\/les-recettes-autour-du-cafe\/#primaryimage\"},\"datePublished\":\"2021-03-15T08:55:25+00:00\",\"dateModified\":\"2021-03-15T11:06:29+00:00\",\"breadcrumb\":{\"@id\":\"https:\/\/halliermathilde.alwaysdata.net\/wordpress\/les-recettes-autour-du-cafe\/#breadcrumb\"},\"inLanguage\":\"fr-FR\",\"potentialAction\":[{\"@type\":\"ReadAction\",\"target\":[\"https:\/\/halliermathilde.alwaysdata.net\/wordpress\/les-recettes-autour-du-cafe\/\"]}]},{\"@type\":\"BreadcrumbList\",\"@id\":\"https:\/\/halliermathilde.alwaysdata.net\/wordpress\/les-recettes-autour-du-cafe\/#breadcrumb\",\"itemListElement\":[{\"@type\":\"ListItem\",\"position\":1,\"item\":{\"@type\":\"WebPage\",\"@id\":\"https:\/\/halliermathilde.alwaysdata.net\/wordpress\/\",\"url\":\"https:\/\/halliermathilde.alwaysdata.net\/wordpress\/\",\"name\":\"Accueil\"}},{\"@type\":\"ListItem\",\"position\":2,\"item\":{\"@type\":\"WebPage\",\"@id\":\"https:\/\/halliermathilde.alwaysdata.net\/wordpress\/les-recettes-autour-du-cafe\/\",\"url\":\"https:\/\/halliermathilde.alwaysdata.net\/wordpress\/les-recettes-autour-du-cafe\/\",\"name\":\"Galerie de photos\"}}]}]}<\/script>\n<!-- \/ Yoast SEO plugin. -->","_links":{"self":[{"href":"https:\/\/halliermathilde.alwaysdata.net\/wordpress\/wp-json\/wp\/v2\/pages\/75"}],"collection":[{"href":"https:\/\/halliermathilde.alwaysdata.net\/wordpress\/wp-json\/wp\/v2\/pages"}],"about":[{"href":"https:\/\/halliermathilde.alwaysdata.net\/wordpress\/wp-json\/wp\/v2\/types\/page"}],"author":[{"embeddable":true,"href":"https:\/\/halliermathilde.alwaysdata.net\/wordpress\/wp-json\/wp\/v2\/users\/1"}],"replies":[{"embeddable":true,"href":"https:\/\/halliermathilde.alwaysdata.net\/wordpress\/wp-json\/wp\/v2\/comments?post=75"}],"version-history":[{"count":3,"href":"https:\/\/halliermathilde.alwaysdata.net\/wordpress\/wp-json\/wp\/v2\/pages\/75\/revisions"}],"predecessor-version":[{"id":152,"href":"https:\/\/halliermathilde.alwaysdata.net\/wordpress\/wp-json\/wp\/v2\/pages\/75\/revisions\/152"}],"wp:attachment":[{"href":"https:\/\/halliermathilde.alwaysdata.net\/wordpress\/wp-json\/wp\/v2\/media?parent=75"}],"curies":[{"name":"wp","href":"https:\/\/api.w.org\/{rel}","templated":true}]}}